{"id":1041,"date":"2026-01-16T11:15:19","date_gmt":"2026-01-16T03:15:19","guid":{"rendered":"http:\/\/www.lanzunauto.com\/?post_type=product&#038;p=1041"},"modified":"2026-01-20T14:08:18","modified_gmt":"2026-01-20T06:08:18","slug":"oem-6c0411315-saic-v-olkswagen-high-quality-front-connecting-rod-polo","status":"publish","type":"product","link":"https:\/\/www.lanzunauto.com\/es\/producto\/oem-6c0411315-saic-v-olkswagen-high-quality-front-connecting-rod-polo\/","title":{"rendered":"OEM 6C0411315 SAIC V-olkswagen Biela delantera de alta calidad (POLO)"},"content":{"rendered":"<p><strong>Ajuste preciso:<\/strong> Espec\u00edficamente dise\u00f1ado para el modelo SAIC Volkswagen POLO, garantizando una compatibilidad perfecta con el sistema de suspensi\u00f3n original.<br \/>\n<strong>Materiales de alta calidad:<\/strong> Fabricado en acero de aleaci\u00f3n de alta resistencia, forjado y tratado con procesos de tratamiento t\u00e9rmico y anticorrosi\u00f3n, lo que da como resultado un producto ligero pero duradero.<br \/>\n<strong>Optimizaci\u00f3n del rendimiento:<\/strong> La estructura reforzada de la suspensi\u00f3n mejora la respuesta de la direcci\u00f3n y la estabilidad en las curvas, reduciendo las vibraciones durante la conducci\u00f3n.<br \/>\n<strong>Seguro y fiable:<\/strong> Ha superado las rigurosas pruebas de durabilidad de Volkswagen, lo que garantiza un uso a largo plazo sin problemas y proporciona una mayor tranquilidad durante la conducci\u00f3n.<br \/>\n<strong>Mantenimiento c\u00f3modo:<\/strong> Incluye piezas de instalaci\u00f3n originales de f\u00e1brica, lo que simplifica el proceso de reparaci\u00f3n y reduce los costes de mantenimiento a largo plazo.<\/p>","protected":false},"excerpt":{"rendered":"<p><strong>Origen<\/strong>China<br \/>\n<strong>Marca\uff1a<\/strong>SAIC<br \/>\n<strong>Coincidencia con el fabricante de equipos originales (OEM):<\/strong> Dise\u00f1ado espec\u00edficamente para el POLO, garantiza una instalaci\u00f3n precisa y un rendimiento fiable.<br \/>\n<strong>Manejo mejorado:<\/strong> Optimiza la estabilidad de la suspensi\u00f3n, mejorando la respuesta de la direcci\u00f3n y la suavidad de conducci\u00f3n.<br \/>\n<strong>Duradero y seguro:<\/strong> Los materiales de alta calidad y las pruebas rigurosas prolongan la vida \u00fatil y garantizan la seguridad en la conducci\u00f3n.<br \/>\n<strong>Econ\u00f3mico y pr\u00e1ctico:<\/strong> La calidad OEM reduce los costes a largo plazo, evita problemas de compatibilidad y facilita el mantenimiento.<\/p>","protected":false},"featured_media":1042,"template":"","meta":{"_seopress_robots_primary_cat":"none","_seopress_titles_title":"%%post_title%%","_seopress_titles_desc":"%%post_excerpt%%","_seopress_robots_index":"","site-sidebar-layout":"default","site-content-layout":"","ast-site-content-layout":"default","site-content-style":"default","site-sidebar-style":"default","ast-global-header-display":"","ast-banner-title-visibility":"","ast-main-header-display":"","ast-hfb-above-header-display":"","ast-hfb-below-header-display":"","ast-hfb-mobile-header-display":"","site-post-title":"","ast-breadcrumbs-content":"","ast-featured-img":"","footer-sml-layout":"","ast-disable-related-posts":"","theme-transparent-header-meta":"default","adv-header-id-meta":"","stick-header-meta":"default","header-above-stick-meta":"","header-main-stick-meta":"","header-below-stick-meta":"","astra-migrate-meta-layouts":"set","ast-page-background-enabled":"default","ast-page-background-meta":{"desktop":{"background-color":"var(--ast-global-color-5)","background-image":"","background-repeat":"repeat","background-position":"center center","background-size":"auto","background-attachment":"scroll","background-type":"","background-media":"","overlay-type":"","overlay-color":"","overlay-opacity":"","overlay-gradient":""},"tablet":{"background-color":"","background-image":"","background-repeat":"repeat","background-position":"center center","background-size":"auto","background-attachment":"scroll","background-type":"","background-media":"","overlay-type":"","overlay-color":"","overlay-opacity":"","overlay-gradient":""},"mobile":{"background-color":"","background-image":"","background-repeat":"repeat","background-position":"center center","background-size":"auto","background-attachment":"scroll","background-type":"","background-media":"","overlay-type":"","overlay-color":"","overlay-opacity":"","overlay-gradient":""}},"ast-content-background-meta":{"desktop":{"background-color":"var(--ast-global-color-4)","background-image":"","background-repeat":"repeat","background-position":"center center","background-size":"auto","background-attachment":"scroll","background-type":"","background-media":"","overlay-type":"","overlay-color":"","overlay-opacity":"","overlay-gradient":""},"tablet":{"background-color":"var(--ast-global-color-4)","background-image":"","background-repeat":"repeat","background-position":"center center","background-size":"auto","background-attachment":"scroll","background-type":"","background-media":"","overlay-type":"","overlay-color":"","overlay-opacity":"","overlay-gradient":""},"mobile":{"background-color":"var(--ast-global-color-4)","background-image":"","background-repeat":"repeat","background-position":"center center","background-size":"auto","background-attachment":"scroll","background-type":"","background-media":"","overlay-type":"","overlay-color":"","overlay-opacity":"","overlay-gradient":""}}},"product_brand":[],"product_cat":[31],"product_tag":[],"class_list":{"0":"post-1041","1":"product","2":"type-product","3":"status-publish","4":"has-post-thumbnail","6":"product_cat-saic","7":"desktop-align-left","8":"tablet-align-left","9":"mobile-align-left","10":"ast-product-gallery-layout-horizontal-slider","11":"ast-product-gallery-with-no-image","12":"ast-product-tabs-layout-horizontal","14":"first","15":"instock","16":"featured","17":"shipping-taxable","18":"product-type-simple"},"_links":{"self":[{"href":"https:\/\/www.lanzunauto.com\/es\/wp-json\/wp\/v2\/product\/1041","targetHints":{"allow":["GET"]}}],"collection":[{"href":"https:\/\/www.lanzunauto.com\/es\/wp-json\/wp\/v2\/product"}],"about":[{"href":"https:\/\/www.lanzunauto.com\/es\/wp-json\/wp\/v2\/types\/product"}],"wp:featuredmedia":[{"embeddable":true,"href":"https:\/\/www.lanzunauto.com\/es\/wp-json\/wp\/v2\/media\/1042"}],"wp:attachment":[{"href":"https:\/\/www.lanzunauto.com\/es\/wp-json\/wp\/v2\/media?parent=1041"}],"wp:term":[{"taxonomy":"product_brand","embeddable":true,"href":"https:\/\/www.lanzunauto.com\/es\/wp-json\/wp\/v2\/product_brand?post=1041"},{"taxonomy":"product_cat","embeddable":true,"href":"https:\/\/www.lanzunauto.com\/es\/wp-json\/wp\/v2\/product_cat?post=1041"},{"taxonomy":"product_tag","embeddable":true,"href":"https:\/\/www.lanzunauto.com\/es\/wp-json\/wp\/v2\/product_tag?post=1041"}],"curies":[{"name":"wp","href":"https:\/\/api.w.org\/{rel}","templated":true}]}}