{"id":1037,"date":"2026-01-16T11:02:24","date_gmt":"2026-01-16T03:02:24","guid":{"rendered":"http:\/\/www.lanzunauto.com\/?post_type=product&#038;p=1037"},"modified":"2026-01-16T11:05:27","modified_gmt":"2026-01-16T03:05:27","slug":"2025-hongqi-oem-front-brake-pads-metal-semi-metal-for-h9-h5-new-faw-changan-nao-3501x75dd01c-brake-system-1-year-warranty","status":"publish","type":"product","link":"https:\/\/www.lanzunauto.com\/es\/producto\/2025-hongqi-oem-front-brake-pads-metal-semi-metal-for-h9-h5-new-faw-changan-nao-3501x75dd01c-brake-system-1-year-warranty\/","title":{"rendered":"2025 Hongqi OEM Pastillas de Freno Delanteras Semi-Met\u00e1licas para H9 H5 Nuevo FAW Changan NAO 3501X75DD01C Sistema de Frenos 1 A\u00f1o de Garant\u00eda"},"content":{"rendered":"<p><strong>NAO Material cer\u00e1mico:<\/strong> F\u00f3rmula compuesta de metal y semimetal, resistente a altas temperaturas, con poco polvo y frenado m\u00e1s silencioso.<br \/>\n<strong>Ajuste preciso:<\/strong> Dise\u00f1ado espec\u00edficamente para Hongqi H9\/H5 y los nuevos modelos FAW-Chang'an, con certificaci\u00f3n OEM original, listo para su instalaci\u00f3n y uso.<br \/>\n<strong>Frenado eficiente:<\/strong> Estructura de fricci\u00f3n optimizada, menor distancia de frenado, r\u00e1pida disipaci\u00f3n del calor y mayor vida \u00fatil del disco de freno.<br \/>\n<strong>Garant\u00eda de 1 a\u00f1o:<\/strong> Garant\u00eda oficial, calidad sin preocupaciones.<\/p>","protected":false},"excerpt":{"rendered":"<p><strong>Origen<\/strong>China<br \/>\n<strong>Marca\uff1aFAW<\/strong><br \/>\n<strong>Ajuste preciso:<\/strong> Espec\u00edficamente dise\u00f1ado para Hongqi H9, H5, y los nuevos modelos de FAW-Chang'an, con calidad de f\u00e1brica original OEM, garantizando una compatibilidad perfecta con el sistema de frenado y mejorando la seguridad de conducci\u00f3n.<br \/>\n<strong>Tecnolog\u00eda cer\u00e1mica NAO:<\/strong> Utiliza materiales org\u00e1nicos sin amianto (NAO), combinando f\u00f3rmulas met\u00e1licas y semimet\u00e1licas, ofreciendo resistencia al desgaste y a las altas temperaturas, reduciendo eficazmente el ruido de frenado y prolongando la vida \u00fatil.<br \/>\n<strong>Excelente rendimiento de frenado:<\/strong> El coeficiente de fricci\u00f3n optimizado proporciona una respuesta sensible y una fuerza de frenado estable, adapt\u00e1ndose tanto a la congesti\u00f3n urbana como a los escenarios de conducci\u00f3n a alta velocidad, garantizando una conducci\u00f3n suave.<br \/>\n<strong>Garant\u00eda de 1 a\u00f1o sin preocupaciones:<\/strong> El compromiso de garant\u00eda oficial de 1 a\u00f1o elimina preocupaciones y demuestra la confianza de la marca en la calidad.<br \/>\n<strong>Respetuoso con el medio ambiente y duradero:<\/strong> El material NAO reduce la contaminaci\u00f3n por polvo al tiempo que mejora la resistencia a la corrosi\u00f3n, combinando la protecci\u00f3n medioambiental con la fiabilidad a largo plazo.<\/p>","protected":false},"featured_media":1038,"template":"","meta":{"_seopress_robots_primary_cat":"none","_seopress_titles_title":"%%post_title%%","_seopress_titles_desc":"%%post_excerpt%%","_seopress_robots_index":"","site-sidebar-layout":"default","site-content-layout":"","ast-site-content-layout":"default","site-content-style":"default","site-sidebar-style":"default","ast-global-header-display":"","ast-banner-title-visibility":"","ast-main-header-display":"","ast-hfb-above-header-display":"","ast-hfb-below-header-display":"","ast-hfb-mobile-header-display":"","site-post-title":"","ast-breadcrumbs-content":"","ast-featured-img":"","footer-sml-layout":"","ast-disable-related-posts":"","theme-transparent-header-meta":"default","adv-header-id-meta":"","stick-header-meta":"default","header-above-stick-meta":"","header-main-stick-meta":"","header-below-stick-meta":"","astra-migrate-meta-layouts":"set","ast-page-background-enabled":"default","ast-page-background-meta":{"desktop":{"background-color":"var(--ast-global-color-5)","background-image":"","background-repeat":"repeat","background-position":"center center","background-size":"auto","background-attachment":"scroll","background-type":"","background-media":"","overlay-type":"","overlay-color":"","overlay-opacity":"","overlay-gradient":""},"tablet":{"background-color":"","background-image":"","background-repeat":"repeat","background-position":"center center","background-size":"auto","background-attachment":"scroll","background-type":"","background-media":"","overlay-type":"","overlay-color":"","overlay-opacity":"","overlay-gradient":""},"mobile":{"background-color":"","background-image":"","background-repeat":"repeat","background-position":"center center","background-size":"auto","background-attachment":"scroll","background-type":"","background-media":"","overlay-type":"","overlay-color":"","overlay-opacity":"","overlay-gradient":""}},"ast-content-background-meta":{"desktop":{"background-color":"var(--ast-global-color-4)","background-image":"","background-repeat":"repeat","background-position":"center center","background-size":"auto","background-attachment":"scroll","background-type":"","background-media":"","overlay-type":"","overlay-color":"","overlay-opacity":"","overlay-gradient":""},"tablet":{"background-color":"var(--ast-global-color-4)","background-image":"","background-repeat":"repeat","background-position":"center center","background-size":"auto","background-attachment":"scroll","background-type":"","background-media":"","overlay-type":"","overlay-color":"","overlay-opacity":"","overlay-gradient":""},"mobile":{"background-color":"var(--ast-global-color-4)","background-image":"","background-repeat":"repeat","background-position":"center center","background-size":"auto","background-attachment":"scroll","background-type":"","background-media":"","overlay-type":"","overlay-color":"","overlay-opacity":"","overlay-gradient":""}}},"product_brand":[],"product_cat":[30],"product_tag":[],"class_list":{"0":"post-1037","1":"product","2":"type-product","3":"status-publish","4":"has-post-thumbnail","6":"product_cat-faw","7":"desktop-align-left","8":"tablet-align-left","9":"mobile-align-left","10":"ast-product-gallery-layout-horizontal-slider","11":"ast-product-gallery-with-no-image","12":"ast-product-tabs-layout-horizontal","14":"first","15":"instock","16":"shipping-taxable","17":"product-type-simple"},"_links":{"self":[{"href":"https:\/\/www.lanzunauto.com\/es\/wp-json\/wp\/v2\/product\/1037","targetHints":{"allow":["GET"]}}],"collection":[{"href":"https:\/\/www.lanzunauto.com\/es\/wp-json\/wp\/v2\/product"}],"about":[{"href":"https:\/\/www.lanzunauto.com\/es\/wp-json\/wp\/v2\/types\/product"}],"wp:featuredmedia":[{"embeddable":true,"href":"https:\/\/www.lanzunauto.com\/es\/wp-json\/wp\/v2\/media\/1038"}],"wp:attachment":[{"href":"https:\/\/www.lanzunauto.com\/es\/wp-json\/wp\/v2\/media?parent=1037"}],"wp:term":[{"taxonomy":"product_brand","embeddable":true,"href":"https:\/\/www.lanzunauto.com\/es\/wp-json\/wp\/v2\/product_brand?post=1037"},{"taxonomy":"product_cat","embeddable":true,"href":"https:\/\/www.lanzunauto.com\/es\/wp-json\/wp\/v2\/product_cat?post=1037"},{"taxonomy":"product_tag","embeddable":true,"href":"https:\/\/www.lanzunauto.com\/es\/wp-json\/wp\/v2\/product_tag?post=1037"}],"curies":[{"name":"wp","href":"https:\/\/api.w.org\/{rel}","templated":true}]}}