{"id":1035,"date":"2026-01-06T10:55:35","date_gmt":"2026-01-06T02:55:35","guid":{"rendered":"http:\/\/www.lanzunauto.com\/?post_type=product&#038;p=1035"},"modified":"2026-01-20T15:45:02","modified_gmt":"2026-01-20T07:45:02","slug":"chery-tiggo-5x-j68-original-replacement-hood-oem-j68-8402010-dy-for-j68-t18-t19-t1a-models","status":"publish","type":"product","link":"https:\/\/www.lanzunauto.com\/es\/producto\/chery-tiggo-5x-j68-original-replacement-hood-oem-j68-8402010-dy-for-j68-t18-t19-t1a-models\/","title":{"rendered":"Chery Tiggo 5X J68 Capota de recambio original (OEM J68-8402010-DY) para modelos J68\/T18\/T19\/T1A"},"content":{"rendered":"<p><strong>Modelos aplicables:<\/strong> Chery Tiggo 5X J68\/T18\/T19\/T1A<br \/>\n<strong>N\u00famero de pieza OEM:<\/strong> J68-8402010-DY<br \/>\n<strong>Material:<\/strong> Acero de alta resistencia\/Material compuesto ligero (se pueden a\u00f1adir detalles)<br \/>\n<strong>Tratamiento de la superficie:<\/strong> Revestimiento anticorrosi\u00f3n, gran resistencia a la intemperie<br \/>\n<strong>M\u00e9todo de instalaci\u00f3n:<\/strong> Orificios de montaje originales de f\u00e1brica, permite una instalaci\u00f3n r\u00e1pida<br \/>\nSus principales funciones son proteger el motor, aislarlo del calor y del ruido, adem\u00e1s de requerir una construcci\u00f3n ligera y una gran resistencia. Consta de paneles interiores y exteriores con material aislante, y suele tener una estructura interna de bastidor. Es un foco clave de dise\u00f1o de autom\u00f3viles y la atenci\u00f3n del consumidor. El mecanismo de apertura del cap\u00f3 en los veh\u00edculos Chery es similar a otros coches, utilizando un mango de liberaci\u00f3n interna y un pestillo de seguridad frontal para su funcionamiento.<\/p>","protected":false},"excerpt":{"rendered":"<p><strong>Origen<\/strong>China<br \/>\n<strong>Marca\uff1aCHERY<\/strong><br \/>\n<strong>Ajuste preciso:<\/strong> Dise\u00f1ado espec\u00edficamente para los modelos J68\/T18\/T19\/T1A, con n\u00fameros de pieza originales de f\u00e1brica que garantizan una coincidencia perfecta.<br \/>\n<strong>Calidad de equipo original:<\/strong> Fabricado con materiales de alta resistencia, resistentes a la corrosi\u00f3n y a los impactos para una larga duraci\u00f3n.<br \/>\n<strong>Apariencia coherente:<\/strong> Mantiene el dise\u00f1o ic\u00f3nico de la serie Tiggo, combin\u00e1ndose perfectamente con la carrocer\u00eda del veh\u00edculo tras su sustituci\u00f3n.<br \/>\n<strong>Instalaci\u00f3n c\u00f3moda:<\/strong> Las especificaciones originales de f\u00e1brica simplifican el proceso de sustituci\u00f3n, ahorrando tiempo y esfuerzo.<br \/>\n<strong>Rendimiento optimizado:<\/strong> Mejora la eficacia de la disipaci\u00f3n del calor y la estabilidad estructural, equilibrando la seguridad y la experiencia de conducci\u00f3n.<\/p>","protected":false},"featured_media":1036,"template":"","meta":{"_seopress_robots_primary_cat":"none","_seopress_titles_title":"%%post_title%%","_seopress_titles_desc":"%%post_excerpt%%","_seopress_robots_index":"","site-sidebar-layout":"default","site-content-layout":"","ast-site-content-layout":"default","site-content-style":"default","site-sidebar-style":"default","ast-global-header-display":"","ast-banner-title-visibility":"","ast-main-header-display":"","ast-hfb-above-header-display":"","ast-hfb-below-header-display":"","ast-hfb-mobile-header-display":"","site-post-title":"","ast-breadcrumbs-content":"","ast-featured-img":"","footer-sml-layout":"","ast-disable-related-posts":"","theme-transparent-header-meta":"default","adv-header-id-meta":"","stick-header-meta":"default","header-above-stick-meta":"","header-main-stick-meta":"","header-below-stick-meta":"","astra-migrate-meta-layouts":"set","ast-page-background-enabled":"default","ast-page-background-meta":{"desktop":{"background-color":"var(--ast-global-color-5)","background-image":"","background-repeat":"repeat","background-position":"center center","background-size":"auto","background-attachment":"scroll","background-type":"","background-media":"","overlay-type":"","overlay-color":"","overlay-opacity":"","overlay-gradient":""},"tablet":{"background-color":"","background-image":"","background-repeat":"repeat","background-position":"center center","background-size":"auto","background-attachment":"scroll","background-type":"","background-media":"","overlay-type":"","overlay-color":"","overlay-opacity":"","overlay-gradient":""},"mobile":{"background-color":"","background-image":"","background-repeat":"repeat","background-position":"center center","background-size":"auto","background-attachment":"scroll","background-type":"","background-media":"","overlay-type":"","overlay-color":"","overlay-opacity":"","overlay-gradient":""}},"ast-content-background-meta":{"desktop":{"background-color":"var(--ast-global-color-4)","background-image":"","background-repeat":"repeat","background-position":"center center","background-size":"auto","background-attachment":"scroll","background-type":"","background-media":"","overlay-type":"","overlay-color":"","overlay-opacity":"","overlay-gradient":""},"tablet":{"background-color":"var(--ast-global-color-4)","background-image":"","background-repeat":"repeat","background-position":"center center","background-size":"auto","background-attachment":"scroll","background-type":"","background-media":"","overlay-type":"","overlay-color":"","overlay-opacity":"","overlay-gradient":""},"mobile":{"background-color":"var(--ast-global-color-4)","background-image":"","background-repeat":"repeat","background-position":"center center","background-size":"auto","background-attachment":"scroll","background-type":"","background-media":"","overlay-type":"","overlay-color":"","overlay-opacity":"","overlay-gradient":""}}},"product_brand":[],"product_cat":[29],"product_tag":[],"class_list":{"0":"post-1035","1":"product","2":"type-product","3":"status-publish","4":"has-post-thumbnail","6":"product_cat-chery","7":"desktop-align-left","8":"tablet-align-left","9":"mobile-align-left","10":"ast-product-gallery-layout-horizontal-slider","11":"ast-product-gallery-with-no-image","12":"ast-product-tabs-layout-horizontal","14":"first","15":"instock","16":"shipping-taxable","17":"product-type-simple"},"_links":{"self":[{"href":"https:\/\/www.lanzunauto.com\/es\/wp-json\/wp\/v2\/product\/1035","targetHints":{"allow":["GET"]}}],"collection":[{"href":"https:\/\/www.lanzunauto.com\/es\/wp-json\/wp\/v2\/product"}],"about":[{"href":"https:\/\/www.lanzunauto.com\/es\/wp-json\/wp\/v2\/types\/product"}],"wp:featuredmedia":[{"embeddable":true,"href":"https:\/\/www.lanzunauto.com\/es\/wp-json\/wp\/v2\/media\/1036"}],"wp:attachment":[{"href":"https:\/\/www.lanzunauto.com\/es\/wp-json\/wp\/v2\/media?parent=1035"}],"wp:term":[{"taxonomy":"product_brand","embeddable":true,"href":"https:\/\/www.lanzunauto.com\/es\/wp-json\/wp\/v2\/product_brand?post=1035"},{"taxonomy":"product_cat","embeddable":true,"href":"https:\/\/www.lanzunauto.com\/es\/wp-json\/wp\/v2\/product_cat?post=1035"},{"taxonomy":"product_tag","embeddable":true,"href":"https:\/\/www.lanzunauto.com\/es\/wp-json\/wp\/v2\/product_tag?post=1035"}],"curies":[{"name":"wp","href":"https:\/\/api.w.org\/{rel}","templated":true}]}}