{"id":625,"date":"2026-01-08T17:36:34","date_gmt":"2026-01-08T09:36:34","guid":{"rendered":"http:\/\/rw.sdwailian.com\/?page_id=625"},"modified":"2026-01-30T14:53:14","modified_gmt":"2026-01-30T06:53:14","slug":"social-responsibility","status":"publish","type":"page","link":"https:\/\/www.lanzunauto.com\/es\/social-responsibility\/","title":{"rendered":"Responsabilidad social"},"content":{"rendered":"<div data-elementor-type=\"wp-page\" data-elementor-id=\"625\" class=\"elementor elementor-625\" data-elementor-post-type=\"page\">\n\t\t\t\t<div class=\"elementor-element elementor-element-6906866f e-con-full e-flex e-con e-parent\" data-id=\"6906866f\" data-element_type=\"container\" data-settings=\"{&quot;background_background&quot;:&quot;classic&quot;}\">\n\t\t<div class=\"elementor-element elementor-element-75a97e3a e-flex e-con-boxed e-con e-child\" data-id=\"75a97e3a\" data-element_type=\"container\">\n\t\t\t\t\t<div class=\"e-con-inner\">\n\t\t\t\t<div class=\"elementor-element elementor-element-2a954fc2 elementor-widget elementor-widget-heading\" data-id=\"2a954fc2\" data-element_type=\"widget\" data-widget_type=\"heading.default\">\n\t\t\t\t\t<h2 class=\"elementor-heading-title elementor-size-default\">Responsabilidad social<\/h2>\t\t\t\t<\/div>\n\t\t\t\t\t<\/div>\n\t\t\t\t<\/div>\n\t\t\t\t<\/div>\n\t\t<div class=\"elementor-element elementor-element-0e4d151 e-flex e-con-boxed e-con e-parent\" data-id=\"0e4d151\" data-element_type=\"container\">\n\t\t\t\t\t<div class=\"e-con-inner\">\n\t\t\t\t<div class=\"elementor-element elementor-element-4d92e98 elementor-widget elementor-widget-heading\" data-id=\"4d92e98\" data-element_type=\"widget\" data-widget_type=\"heading.default\">\n\t\t\t\t\t<h2 class=\"elementor-heading-title elementor-size-default\">Nuestra responsabilidad social: Cumplir nuestros deberes profesionales con integridad<\/h2>\t\t\t\t<\/div>\n\t\t\t\t<div class=\"elementor-element elementor-element-a083121 elementor-widget elementor-widget-text-editor\" data-id=\"a083121\" data-element_type=\"widget\" data-widget_type=\"text-editor.default\">\n\t\t\t\t\t\t\t\t\tEntendemos profundamente que el desarrollo a largo plazo de una empresa es inseparable de una coexistencia armoniosa con la sociedad. Como participante activo en la cadena global de la industria automovil\u00edstica, al tiempo que creamos valor comercial, nos comprometemos a cumplir nuestros s\u00f3lidos compromisos con todas las partes interesadas. Nuestra responsabilidad social tiene sus ra\u00edces en la profesionalidad y se manifiesta en la acci\u00f3n.\t\t\t\t\t\t\t\t<\/div>\n\t\t\t\t<div class=\"elementor-element elementor-element-a7f3824 elementor-widget-divider--view-line elementor-widget elementor-widget-divider\" data-id=\"a7f3824\" data-element_type=\"widget\" data-widget_type=\"divider.default\">\n\t\t\t\t\t\t\t<div class=\"elementor-divider\">\n\t\t\t<span class=\"elementor-divider-separator\">\n\t\t\t\t\t\t<\/span>\n\t\t<\/div>\n\t\t\t\t\t\t<\/div>\n\t\t<div class=\"elementor-element elementor-element-4f8aadc e-grid e-con-full e-con e-child\" data-id=\"4f8aadc\" data-element_type=\"container\">\n\t\t<div class=\"elementor-element elementor-element-32556f3 e-con-full e-flex e-con e-child\" data-id=\"32556f3\" data-element_type=\"container\">\n\t\t\t\t<div class=\"elementor-element elementor-element-88103ea elementor-widget elementor-widget-heading\" data-id=\"88103ea\" data-element_type=\"widget\" data-widget_type=\"heading.default\">\n\t\t\t\t\t<h2 class=\"elementor-heading-title elementor-size-default\">Responsabilidad de la industria y los clientes: Mantener las normas de calidad e impulsar el progreso de la industria<\/h2>\t\t\t\t<\/div>\n\t\t\t\t<div class=\"elementor-element elementor-element-95dcbd0 elementor-widget elementor-widget-text-editor\" data-id=\"95dcbd0\" data-element_type=\"widget\" data-widget_type=\"text-editor.default\">\n\t\t\t\t\t\t\t\t\t<p>Asumimos una misi\u00f3n profesional y \u00fanica hacia las industrias y clientes a los que servimos:<\/p><p>Seguridad y calidad: Consideramos que la fiabilidad y la seguridad de los productos son nuestro salvavidas, por lo que nos aseguramos de que todos los productos exportados cumplan o superen las normas mediante procesos rigurosos.<\/p><p>Colaboraci\u00f3n profesional: Aprovechando nuestro profundo conocimiento del mercado internacional y nuestras capacidades profesionales, proporcionamos a los clientes soluciones eficientes y precisas para la cadena de suministro, convirti\u00e9ndonos en su apoyo fiable.<\/p><p>Co-creaci\u00f3n de valor: Mediante continuas mejoras tecnol\u00f3gicas y de procesos, ayudamos a los clientes a mejorar su competitividad e impulsar conjuntamente el desarrollo constante de la industria de fabricaci\u00f3n de autom\u00f3viles.<\/p>\t\t\t\t\t\t\t\t<\/div>\n\t\t\t\t<\/div>\n\t\t<div class=\"elementor-element elementor-element-1a7db89 e-con-full e-flex e-con e-child\" data-id=\"1a7db89\" data-element_type=\"container\">\n\t\t\t\t<div class=\"elementor-element elementor-element-5a53733 elementor-widget elementor-widget-heading\" data-id=\"5a53733\" data-element_type=\"widget\" data-widget_type=\"heading.default\">\n\t\t\t\t\t<h2 class=\"elementor-heading-title elementor-size-default\">Responsabilidad de los empleados: Construir una plataforma de crecimiento y salvaguardar nuestro hogar feliz.<\/h2>\t\t\t\t<\/div>\n\t\t\t\t<div class=\"elementor-element elementor-element-678e597 elementor-widget elementor-widget-text-editor\" data-id=\"678e597\" data-element_type=\"widget\" data-widget_type=\"text-editor.default\">\n\t\t\t\t\t\t\t\t\t<p>Nuestros empleados son el activo m\u00e1s valioso de la empresa:<\/p><p>Respeto y equidad: Fomentamos un entorno de trabajo abierto, igualitario y mutuamente respetuoso, salvaguardando los derechos leg\u00edtimos y las oportunidades de desarrollo de cada empleado.<\/p><p>Salud y seguridad: Defendemos la producci\u00f3n segura, cuidamos la salud f\u00edsica y mental de nuestros empleados y creamos un lugar de trabajo seguro.<\/p><p>Crecimiento y logros: Proporcionamos recursos sistem\u00e1ticos de aprendizaje y desarrollo para ayudar a los empleados a mejorar sus competencias profesionales y a materializar su valor personal y su \u00e9xito profesional.<\/p>\t\t\t\t\t\t\t\t<\/div>\n\t\t\t\t<\/div>\n\t\t<div class=\"elementor-element elementor-element-1c787f1 e-con-full e-flex e-con e-child\" data-id=\"1c787f1\" data-element_type=\"container\">\n\t\t\t\t<div class=\"elementor-element elementor-element-fdd561c elementor-widget elementor-widget-heading\" data-id=\"fdd561c\" data-element_type=\"widget\" data-widget_type=\"heading.default\">\n\t\t\t\t\t<h2 class=\"elementor-heading-title elementor-size-default\">Comunidad y responsabilidad p\u00fablica: Ser un excelente ciudadano de empresa<\/h2>\t\t\t\t<\/div>\n\t\t\t\t<div class=\"elementor-element elementor-element-80d398c elementor-widget elementor-widget-text-editor\" data-id=\"80d398c\" data-element_type=\"widget\" data-widget_type=\"text-editor.default\">\n\t\t\t\t\t\t\t\t\t<p>Retribuimos activamente a la sociedad y cumplimos con nuestras obligaciones de ciudadan\u00eda corporativa:<\/p><p>Integraci\u00f3n local: En todas nuestras operaciones globales respetamos las culturas locales, nos integramos activamente en las comunidades y creamos valor econ\u00f3mico y social.<\/p><p>Transferencia de conocimientos: Apoyamos programas de formaci\u00f3n de habilidades y educaci\u00f3n relacionados con la industria del autom\u00f3vil, contribuyendo al desarrollo del talento de la industria.<\/p><p>Participaci\u00f3n en el bienestar p\u00fablico: Animamos y apoyamos a los empleados para que participen en actividades de voluntariado y, dentro de sus posibilidades, se dediquen a empresas de bienestar p\u00fablico como la educaci\u00f3n y el desarrollo comunitario.<\/p>\t\t\t\t\t\t\t\t<\/div>\n\t\t\t\t<\/div>\n\t\t<div class=\"elementor-element elementor-element-82140e6 e-con-full e-flex e-con e-child\" data-id=\"82140e6\" data-element_type=\"container\">\n\t\t\t\t<div class=\"elementor-element elementor-element-bb5b401 elementor-widget elementor-widget-heading\" data-id=\"bb5b401\" data-element_type=\"widget\" data-widget_type=\"heading.default\">\n\t\t\t\t\t<h2 class=\"elementor-heading-title elementor-size-default\">Consideramos la responsabilidad social como una pr\u00e1ctica empresarial duradera.<\/h2>\t\t\t\t<\/div>\n\t\t\t\t<div class=\"elementor-element elementor-element-43f5dcf elementor-widget elementor-widget-text-editor\" data-id=\"43f5dcf\" data-element_type=\"widget\" data-widget_type=\"text-editor.default\">\n\t\t\t\t\t\t\t\t\t<p>Orienta nuestras decisiones empresariales, da forma a nuestro c\u00f3digo de conducta y, en \u00faltima instancia, define nuestra existencia: no somos s\u00f3lo un exportador profesional de piezas de autom\u00f3vil, sino una empresa moderna que se esfuerza por crear un valor s\u00f3lido y duradero para el mundo de forma responsable.<\/p>\t\t\t\t\t\t\t\t<\/div>\n\t\t\t\t<\/div>\n\t\t\t\t<\/div>\n\t\t\t\t\t<\/div>\n\t\t\t\t<\/div>\n\t\t\t\t<\/div>","protected":false},"excerpt":{"rendered":"<p>Social responsibility Our social responsibility: To fulfill our professional duties with integrity We deeply understand that the long-term development of a company is inseparable from harmonious coexistence with society. As an active participant in the global automotive industry chain, while creating [&hellip;]<\/p>","protected":false},"author":1,"featured_media":0,"parent":0,"menu_order":0,"comment_status":"closed","ping_status":"closed","template":"","meta":{"_seopress_robots_primary_cat":"","_seopress_titles_title":"","_seopress_titles_desc":"","_seopress_robots_index":"","site-sidebar-layout":"no-sidebar","site-content-layout":"","ast-site-content-layout":"full-width-container","site-content-style":"default","site-sidebar-style":"default","ast-global-header-display":"","ast-banner-title-visibility":"","ast-main-header-display":"","ast-hfb-above-header-display":"","ast-hfb-below-header-display":"","ast-hfb-mobile-header-display":"","site-post-title":"disabled","ast-breadcrumbs-content":"","ast-featured-img":"disabled","footer-sml-layout":"","ast-disable-related-posts":"","theme-transparent-header-meta":"","adv-header-id-meta":"","stick-header-meta":"","header-above-stick-meta":"","header-main-stick-meta":"","header-below-stick-meta":"","astra-migrate-meta-layouts":"default","ast-page-background-enabled":"default","ast-page-background-meta":{"desktop":{"background-color":"var(--ast-global-color-5)","background-image":"","background-repeat":"repeat","background-position":"center center","background-size":"auto","background-attachment":"scroll","background-type":"","background-media":"","overlay-type":"","overlay-color":"","overlay-opacity":"","overlay-gradient":""},"tablet":{"background-color":"","background-image":"","background-repeat":"repeat","background-position":"center center","background-size":"auto","background-attachment":"scroll","background-type":"","background-media":"","overlay-type":"","overlay-color":"","overlay-opacity":"","overlay-gradient":""},"mobile":{"background-color":"","background-image":"","background-repeat":"repeat","background-position":"center center","background-size":"auto","background-attachment":"scroll","background-type":"","background-media":"","overlay-type":"","overlay-color":"","overlay-opacity":"","overlay-gradient":""}},"ast-content-background-meta":{"desktop":{"background-color":"var(--ast-global-color-4)","background-image":"","background-repeat":"repeat","background-position":"center center","background-size":"auto","background-attachment":"scroll","background-type":"","background-media":"","overlay-type":"","overlay-color":"","overlay-opacity":"","overlay-gradient":""},"tablet":{"background-color":"var(--ast-global-color-4)","background-image":"","background-repeat":"repeat","background-position":"center center","background-size":"auto","background-attachment":"scroll","background-type":"","background-media":"","overlay-type":"","overlay-color":"","overlay-opacity":"","overlay-gradient":""},"mobile":{"background-color":"var(--ast-global-color-4)","background-image":"","background-repeat":"repeat","background-position":"center center","background-size":"auto","background-attachment":"scroll","background-type":"","background-media":"","overlay-type":"","overlay-color":"","overlay-opacity":"","overlay-gradient":""}},"footnotes":""},"class_list":["post-625","page","type-page","status-publish","hentry"],"_links":{"self":[{"href":"https:\/\/www.lanzunauto.com\/es\/wp-json\/wp\/v2\/pages\/625","targetHints":{"allow":["GET"]}}],"collection":[{"href":"https:\/\/www.lanzunauto.com\/es\/wp-json\/wp\/v2\/pages"}],"about":[{"href":"https:\/\/www.lanzunauto.com\/es\/wp-json\/wp\/v2\/types\/page"}],"author":[{"embeddable":true,"href":"https:\/\/www.lanzunauto.com\/es\/wp-json\/wp\/v2\/users\/1"}],"replies":[{"embeddable":true,"href":"https:\/\/www.lanzunauto.com\/es\/wp-json\/wp\/v2\/comments?post=625"}],"version-history":[{"count":58,"href":"https:\/\/www.lanzunauto.com\/es\/wp-json\/wp\/v2\/pages\/625\/revisions"}],"predecessor-version":[{"id":1665,"href":"https:\/\/www.lanzunauto.com\/es\/wp-json\/wp\/v2\/pages\/625\/revisions\/1665"}],"wp:attachment":[{"href":"https:\/\/www.lanzunauto.com\/es\/wp-json\/wp\/v2\/media?parent=625"}],"curies":[{"name":"wp","href":"https:\/\/api.w.org\/{rel}","templated":true}]}}