{"id":617,"date":"2026-01-08T17:35:32","date_gmt":"2026-01-08T09:35:32","guid":{"rendered":"http:\/\/rw.sdwailian.com\/?page_id=617"},"modified":"2026-01-30T14:52:07","modified_gmt":"2026-01-30T06:52:07","slug":"serve","status":"publish","type":"page","link":"https:\/\/www.lanzunauto.com\/es\/serve\/","title":{"rendered":"Servir"},"content":{"rendered":"<div data-elementor-type=\"wp-page\" data-elementor-id=\"617\" class=\"elementor elementor-617\" data-elementor-post-type=\"page\">\n\t\t\t\t<div class=\"elementor-element elementor-element-38891ca2 e-con-full e-flex e-con e-parent\" data-id=\"38891ca2\" data-element_type=\"container\" data-settings=\"{&quot;background_background&quot;:&quot;classic&quot;}\">\n\t\t<div class=\"elementor-element elementor-element-294e1aa8 e-flex e-con-boxed e-con e-child\" data-id=\"294e1aa8\" data-element_type=\"container\">\n\t\t\t\t\t<div class=\"e-con-inner\">\n\t\t\t\t<div class=\"elementor-element elementor-element-5a9fc8c2 elementor-widget elementor-widget-heading\" data-id=\"5a9fc8c2\" data-element_type=\"widget\" data-widget_type=\"heading.default\">\n\t\t\t\t\t<h2 class=\"elementor-heading-title elementor-size-default\">servir<\/h2>\t\t\t\t<\/div>\n\t\t\t\t\t<\/div>\n\t\t\t\t<\/div>\n\t\t\t\t<\/div>\n\t\t<div class=\"elementor-element elementor-element-113bf58 e-flex e-con-boxed e-con e-parent\" data-id=\"113bf58\" data-element_type=\"container\">\n\t\t\t\t\t<div class=\"e-con-inner\">\n\t\t\t\t<div class=\"elementor-element elementor-element-dc113ab elementor-widget elementor-widget-heading\" data-id=\"dc113ab\" data-element_type=\"widget\" data-widget_type=\"heading.default\">\n\t\t\t\t\t<h2 class=\"elementor-heading-title elementor-size-default\">Nuestra garant\u00eda de servicio: Convertirnos en su socio de confianza durante todo el ciclo<\/h2>\t\t\t\t<\/div>\n\t\t\t\t<div class=\"elementor-element elementor-element-d58b45e elementor-widget elementor-widget-text-editor\" data-id=\"d58b45e\" data-element_type=\"widget\" data-widget_type=\"text-editor.default\">\n\t\t\t\t\t\t\t\t\t<p>En la exportaci\u00f3n de componentes para veh\u00edculos de nueva energ\u00eda, comprendemos profundamente que unos productos excelentes son s\u00f3lo el punto de partida de la cooperaci\u00f3n, mientras que unas garant\u00edas de servicio completas y fiables son la piedra angular para construir una confianza a largo plazo. Nos comprometemos a ir m\u00e1s all\u00e1 de la propia transacci\u00f3n, proporcion\u00e1ndole un sistema de apoyo a lo largo de todo el ciclo de vida empresarial.<\/p>\t\t\t\t\t\t\t\t<\/div>\n\t\t\t\t<div class=\"elementor-element elementor-element-f47b720 elementor-widget elementor-widget-text-editor\" data-id=\"f47b720\" data-element_type=\"widget\" data-widget_type=\"text-editor.default\">\n\t\t\t\t\t\t\t\t\t<p>Nuestro principal compromiso es integrar la garant\u00eda de servicio a lo largo de todo el proceso de cooperaci\u00f3n con un sistema riguroso, una actitud profesional y una respuesta \u00e1gil, convirti\u00e9ndonos en una extensi\u00f3n fiable en su cadena de suministro. Elegirnos significa elegir tranquilidad y una colaboraci\u00f3n duradera.<\/p>\t\t\t\t\t\t\t\t<\/div>\n\t\t<div class=\"elementor-element elementor-element-00d02a7 e-con-full e-flex e-con e-child\" data-id=\"00d02a7\" data-element_type=\"container\">\n\t\t<div class=\"elementor-element elementor-element-98dfa24 e-grid e-con-full e-con e-child\" data-id=\"98dfa24\" data-element_type=\"container\">\n\t\t\t\t<div class=\"elementor-element elementor-element-00b66cd elementor-widget elementor-widget-image\" data-id=\"00b66cd\" data-element_type=\"widget\" data-widget_type=\"image.default\">\n\t\t\t\t\t\t\t\t\t\t\t\t\t\t\t<img alt=\"\" fetchpriority=\"high\" decoding=\"async\" width=\"675\" height=\"398\" src=\"https:\/\/www.lanzunauto.com\/wp-content\/uploads\/2026\/01\/1-3.jpg\" class=\"attachment-full size-full wp-image-747\" srcset=\"https:\/\/www.lanzunauto.com\/wp-content\/uploads\/2026\/01\/1-3.jpg 675w, https:\/\/www.lanzunauto.com\/wp-content\/uploads\/2026\/01\/1-3-600x354.jpg 600w, https:\/\/www.lanzunauto.com\/wp-content\/uploads\/2026\/01\/1-3-300x177.jpg 300w\" sizes=\"(max-width: 675px) 100vw, 675px\" \/>\t\t\t\t\t\t\t\t\t\t\t\t\t\t\t<\/div>\n\t\t<div class=\"elementor-element elementor-element-4adcd20 e-con-full e-flex e-con e-child\" data-id=\"4adcd20\" data-element_type=\"container\">\n\t\t\t\t<div class=\"elementor-element elementor-element-9217c3a elementor-widget elementor-widget-heading\" data-id=\"9217c3a\" data-element_type=\"widget\" data-widget_type=\"heading.default\">\n\t\t\t\t\t<h2 class=\"elementor-heading-title elementor-size-default\">Sistema de Garant\u00eda de Calidad: Garantizar cero defectos mediante procesos sistem\u00e1ticos<\/h2>\t\t\t\t<\/div>\n\t\t\t\t<div class=\"elementor-element elementor-element-4576ba8 elementor-widget elementor-widget-text-editor\" data-id=\"4576ba8\" data-element_type=\"widget\" data-widget_type=\"text-editor.default\">\n\t\t\t\t\t\t\t\t\t<p>Cumplimos estrictamente la norma internacional IATF 16949 de sistemas de gesti\u00f3n de la calidad en automoci\u00f3n y la integramos profundamente en todas las fases, desde la revisi\u00f3n del dise\u00f1o y la gesti\u00f3n de proveedores hasta el proceso de producci\u00f3n y la inspecci\u00f3n final. No solo suministramos productos, sino tambi\u00e9n un rendimiento de calidad constante y una completa documentaci\u00f3n de conformidad, lo que garantiza la seguridad de su cadena de suministro.<\/p>\t\t\t\t\t\t\t\t<\/div>\n\t\t\t\t<\/div>\n\t\t\t\t<\/div>\n\t\t<div class=\"elementor-element elementor-element-d031473 e-grid e-con-full e-con e-child\" data-id=\"d031473\" data-element_type=\"container\">\n\t\t\t\t<div class=\"elementor-element elementor-element-4162266 elementor-widget elementor-widget-image\" data-id=\"4162266\" data-element_type=\"widget\" data-widget_type=\"image.default\">\n\t\t\t\t\t\t\t\t\t\t\t\t\t\t\t<img alt=\"\" decoding=\"async\" width=\"675\" height=\"398\" src=\"https:\/\/www.lanzunauto.com\/wp-content\/uploads\/2026\/01\/2.jpg\" class=\"attachment-large size-large wp-image-760\" srcset=\"https:\/\/www.lanzunauto.com\/wp-content\/uploads\/2026\/01\/2.jpg 675w, https:\/\/www.lanzunauto.com\/wp-content\/uploads\/2026\/01\/2-600x354.jpg 600w, https:\/\/www.lanzunauto.com\/wp-content\/uploads\/2026\/01\/2-300x177.jpg 300w\" sizes=\"(max-width: 675px) 100vw, 675px\" \/>\t\t\t\t\t\t\t\t\t\t\t\t\t\t\t<\/div>\n\t\t<div class=\"elementor-element elementor-element-a4e86c6 e-con-full e-flex e-con e-child\" data-id=\"a4e86c6\" data-element_type=\"container\">\n\t\t\t\t<div class=\"elementor-element elementor-element-b2758ca elementor-widget elementor-widget-heading\" data-id=\"b2758ca\" data-element_type=\"widget\" data-widget_type=\"heading.default\">\n\t\t\t\t\t<h2 class=\"elementor-heading-title elementor-size-default\">Cadena de suministro y garant\u00eda de entrega: Compromiso de entrega \u00e1gil y transparente<\/h2>\t\t\t\t<\/div>\n\t\t\t\t<div class=\"elementor-element elementor-element-31dc424 elementor-widget elementor-widget-text-editor\" data-id=\"31dc424\" data-element_type=\"widget\" data-widget_type=\"text-editor.default\">\n\t\t\t\t\t\t\t\t\t<p>Hemos construido una red de cadena de suministro resistente y aprovechamos las herramientas digitales para visualizar y gestionar el estado de los pedidos, el progreso de la producci\u00f3n y el seguimiento log\u00edstico. Mediante una planificaci\u00f3n cient\u00edfica de la capacidad y estrategias de stock de seguridad, podemos responder de forma proactiva a las fluctuaciones del mercado, garantizando una entrega puntual y precisa y permitiendo que sus planes de producci\u00f3n se desarrollen sin contratiempos.<\/p>\t\t\t\t\t\t\t\t<\/div>\n\t\t\t\t<\/div>\n\t\t\t\t<\/div>\n\t\t<div class=\"elementor-element elementor-element-1b46ea6 e-grid e-con-full e-con e-child\" data-id=\"1b46ea6\" data-element_type=\"container\">\n\t\t\t\t<div class=\"elementor-element elementor-element-273447e elementor-widget elementor-widget-image\" data-id=\"273447e\" data-element_type=\"widget\" data-widget_type=\"image.default\">\n\t\t\t\t\t\t\t\t\t\t\t\t\t\t\t<img alt=\"\" decoding=\"async\" width=\"675\" height=\"398\" src=\"https:\/\/www.lanzunauto.com\/wp-content\/uploads\/2026\/01\/3.jpg\" class=\"attachment-large size-large wp-image-764\" srcset=\"https:\/\/www.lanzunauto.com\/wp-content\/uploads\/2026\/01\/3.jpg 675w, https:\/\/www.lanzunauto.com\/wp-content\/uploads\/2026\/01\/3-600x354.jpg 600w, https:\/\/www.lanzunauto.com\/wp-content\/uploads\/2026\/01\/3-300x177.jpg 300w\" sizes=\"(max-width: 675px) 100vw, 675px\" \/>\t\t\t\t\t\t\t\t\t\t\t\t\t\t\t<\/div>\n\t\t<div class=\"elementor-element elementor-element-fbbfc98 e-con-full e-flex e-con e-child\" data-id=\"fbbfc98\" data-element_type=\"container\">\n\t\t\t\t<div class=\"elementor-element elementor-element-bceed2c elementor-widget elementor-widget-heading\" data-id=\"bceed2c\" data-element_type=\"widget\" data-widget_type=\"heading.default\">\n\t\t\t\t\t<h2 class=\"elementor-heading-title elementor-size-default\">Garant\u00eda de colaboraci\u00f3n t\u00e9cnica: Respuesta r\u00e1pida y apoyo profesional<\/h2>\t\t\t\t<\/div>\n\t\t\t\t<div class=\"elementor-element elementor-element-60cf584 elementor-widget elementor-widget-text-editor\" data-id=\"60cf584\" data-element_type=\"widget\" data-widget_type=\"text-editor.default\">\n\t\t\t\t\t\t\t\t\t<p>Contamos con un equipo t\u00e9cnico experimentado que puede responder eficazmente a sus consultas t\u00e9cnicas, an\u00e1lisis de requisitos y solicitudes de cambio. Participamos activamente en las primeras conversaciones de nuestros clientes sobre desarrollo y adaptaci\u00f3n de productos, aportando an\u00e1lisis de viabilidad de fabricaci\u00f3n y aprovechando nuestras capacidades profesionales para acelerar la ejecuci\u00f3n de los proyectos.<\/p>\t\t\t\t\t\t\t\t<\/div>\n\t\t\t\t<\/div>\n\t\t\t\t<\/div>\n\t\t<div class=\"elementor-element elementor-element-cf70806 e-grid e-con-full e-con e-child\" data-id=\"cf70806\" data-element_type=\"container\">\n\t\t\t\t<div class=\"elementor-element elementor-element-9a1f903 elementor-widget elementor-widget-image\" data-id=\"9a1f903\" data-element_type=\"widget\" data-widget_type=\"image.default\">\n\t\t\t\t\t\t\t\t\t\t\t\t\t\t\t<img alt=\"\" loading=\"lazy\" decoding=\"async\" width=\"675\" height=\"398\" src=\"https:\/\/www.lanzunauto.com\/wp-content\/uploads\/2026\/01\/4.jpg\" class=\"attachment-large size-large wp-image-768\" srcset=\"https:\/\/www.lanzunauto.com\/wp-content\/uploads\/2026\/01\/4.jpg 675w, https:\/\/www.lanzunauto.com\/wp-content\/uploads\/2026\/01\/4-600x354.jpg 600w, https:\/\/www.lanzunauto.com\/wp-content\/uploads\/2026\/01\/4-300x177.jpg 300w\" sizes=\"(max-width: 675px) 100vw, 675px\" \/>\t\t\t\t\t\t\t\t\t\t\t\t\t\t\t<\/div>\n\t\t<div class=\"elementor-element elementor-element-4379ac2 e-con-full e-flex e-con e-child\" data-id=\"4379ac2\" data-element_type=\"container\">\n\t\t\t\t<div class=\"elementor-element elementor-element-e4bd698 elementor-widget elementor-widget-heading\" data-id=\"e4bd698\" data-element_type=\"widget\" data-widget_type=\"heading.default\">\n\t\t\t\t\t<h2 class=\"elementor-heading-title elementor-size-default\">Garant\u00eda de servicio posventa: mecanismo de resoluci\u00f3n de problemas en bucle cerrado<\/h2>\t\t\t\t<\/div>\n\t\t\t\t<div class=\"elementor-element elementor-element-d684a21 elementor-widget elementor-widget-text-editor\" data-id=\"d684a21\" data-element_type=\"widget\" data-widget_type=\"text-editor.default\">\n\t\t\t\t\t\t\t\t\t<p>Hemos establecido un proceso de asistencia posventa de respuesta r\u00e1pida. Independientemente de cualquier pregunta o situaci\u00f3n relacionada con el producto, nos comprometemos a iniciar un mecanismo de investigaci\u00f3n y gesti\u00f3n de inmediato, proporcionando un an\u00e1lisis t\u00e9cnico claro, soluciones y comentarios de mejora continua para formar un bucle de servicio hasta que est\u00e9 satisfecho.<\/p>\t\t\t\t\t\t\t\t<\/div>\n\t\t\t\t<\/div>\n\t\t\t\t<\/div>\n\t\t<div class=\"elementor-element elementor-element-dc2b85b e-grid e-con-full e-con e-child\" data-id=\"dc2b85b\" data-element_type=\"container\">\n\t\t\t\t<div class=\"elementor-element elementor-element-84a9e36 elementor-widget elementor-widget-image\" data-id=\"84a9e36\" data-element_type=\"widget\" data-widget_type=\"image.default\">\n\t\t\t\t\t\t\t\t\t\t\t\t\t\t\t<img alt=\"\" loading=\"lazy\" decoding=\"async\" width=\"675\" height=\"398\" src=\"https:\/\/www.lanzunauto.com\/wp-content\/uploads\/2026\/01\/5.jpg\" class=\"attachment-large size-large wp-image-772\" srcset=\"https:\/\/www.lanzunauto.com\/wp-content\/uploads\/2026\/01\/5.jpg 675w, https:\/\/www.lanzunauto.com\/wp-content\/uploads\/2026\/01\/5-600x354.jpg 600w, https:\/\/www.lanzunauto.com\/wp-content\/uploads\/2026\/01\/5-300x177.jpg 300w\" sizes=\"(max-width: 675px) 100vw, 675px\" \/>\t\t\t\t\t\t\t\t\t\t\t\t\t\t\t<\/div>\n\t\t<div class=\"elementor-element elementor-element-631fc47 e-con-full e-flex e-con e-child\" data-id=\"631fc47\" data-element_type=\"container\">\n\t\t\t\t<div class=\"elementor-element elementor-element-95c6cee elementor-widget elementor-widget-heading\" data-id=\"95c6cee\" data-element_type=\"widget\" data-widget_type=\"heading.default\">\n\t\t\t\t\t<h2 class=\"elementor-heading-title elementor-size-default\">Garant\u00eda de Desarrollo Sostenible: Coevoluci\u00f3n para el futuro<\/h2>\t\t\t\t<\/div>\n\t\t\t\t<div class=\"elementor-element elementor-element-cfdaca7 elementor-widget elementor-widget-text-editor\" data-id=\"cfdaca7\" data-element_type=\"widget\" data-widget_type=\"text-editor.default\">\n\t\t\t\t\t\t\t\t\t<p>Hacemos un seguimiento continuo de la evoluci\u00f3n de las nuevas tecnolog\u00edas y normas energ\u00e9ticas mundiales, e invertimos recursos en una planificaci\u00f3n orientada al futuro. Nos comprometemos a ayudarle a controlar los costes y mejorar el valor de los productos mediante la optimizaci\u00f3n de los procesos y la innovaci\u00f3n tecnol\u00f3gica, trabajando juntos para afrontar los retos y las oportunidades del futuro de la industria.<\/p>\t\t\t\t\t\t\t\t<\/div>\n\t\t\t\t<\/div>\n\t\t\t\t<\/div>\n\t\t\t\t<\/div>\n\t\t\t\t\t<\/div>\n\t\t\t\t<\/div>\n\t\t\t\t<\/div>","protected":false},"excerpt":{"rendered":"<p>serve Our service guarantee: To become your reliable full-cycle partner In the export of new energy vehicle components, we deeply understand that excellent products are merely the starting point of cooperation, while comprehensive and reliable service guarantees are the cornerstone of [&hellip;]<\/p>","protected":false},"author":1,"featured_media":0,"parent":0,"menu_order":0,"comment_status":"closed","ping_status":"closed","template":"","meta":{"_seopress_robots_primary_cat":"","_seopress_titles_title":"","_seopress_titles_desc":"","_seopress_robots_index":"","site-sidebar-layout":"no-sidebar","site-content-layout":"","ast-site-content-layout":"full-width-container","site-content-style":"default","site-sidebar-style":"default","ast-global-header-display":"","ast-banner-title-visibility":"","ast-main-header-display":"","ast-hfb-above-header-display":"","ast-hfb-below-header-display":"","ast-hfb-mobile-header-display":"","site-post-title":"disabled","ast-breadcrumbs-content":"","ast-featured-img":"disabled","footer-sml-layout":"","ast-disable-related-posts":"","theme-transparent-header-meta":"","adv-header-id-meta":"","stick-header-meta":"","header-above-stick-meta":"","header-main-stick-meta":"","header-below-stick-meta":"","astra-migrate-meta-layouts":"default","ast-page-background-enabled":"default","ast-page-background-meta":{"desktop":{"background-color":"var(--ast-global-color-5)","background-image":"","background-repeat":"repeat","background-position":"center center","background-size":"auto","background-attachment":"scroll","background-type":"","background-media":"","overlay-type":"","overlay-color":"","overlay-opacity":"","overlay-gradient":""},"tablet":{"background-color":"","background-image":"","background-repeat":"repeat","background-position":"center center","background-size":"auto","background-attachment":"scroll","background-type":"","background-media":"","overlay-type":"","overlay-color":"","overlay-opacity":"","overlay-gradient":""},"mobile":{"background-color":"","background-image":"","background-repeat":"repeat","background-position":"center center","background-size":"auto","background-attachment":"scroll","background-type":"","background-media":"","overlay-type":"","overlay-color":"","overlay-opacity":"","overlay-gradient":""}},"ast-content-background-meta":{"desktop":{"background-color":"var(--ast-global-color-4)","background-image":"","background-repeat":"repeat","background-position":"center center","background-size":"auto","background-attachment":"scroll","background-type":"","background-media":"","overlay-type":"","overlay-color":"","overlay-opacity":"","overlay-gradient":""},"tablet":{"background-color":"var(--ast-global-color-4)","background-image":"","background-repeat":"repeat","background-position":"center center","background-size":"auto","background-attachment":"scroll","background-type":"","background-media":"","overlay-type":"","overlay-color":"","overlay-opacity":"","overlay-gradient":""},"mobile":{"background-color":"var(--ast-global-color-4)","background-image":"","background-repeat":"repeat","background-position":"center center","background-size":"auto","background-attachment":"scroll","background-type":"","background-media":"","overlay-type":"","overlay-color":"","overlay-opacity":"","overlay-gradient":""}},"footnotes":""},"class_list":["post-617","page","type-page","status-publish","hentry"],"_links":{"self":[{"href":"https:\/\/www.lanzunauto.com\/es\/wp-json\/wp\/v2\/pages\/617","targetHints":{"allow":["GET"]}}],"collection":[{"href":"https:\/\/www.lanzunauto.com\/es\/wp-json\/wp\/v2\/pages"}],"about":[{"href":"https:\/\/www.lanzunauto.com\/es\/wp-json\/wp\/v2\/types\/page"}],"author":[{"embeddable":true,"href":"https:\/\/www.lanzunauto.com\/es\/wp-json\/wp\/v2\/users\/1"}],"replies":[{"embeddable":true,"href":"https:\/\/www.lanzunauto.com\/es\/wp-json\/wp\/v2\/comments?post=617"}],"version-history":[{"count":94,"href":"https:\/\/www.lanzunauto.com\/es\/wp-json\/wp\/v2\/pages\/617\/revisions"}],"predecessor-version":[{"id":1659,"href":"https:\/\/www.lanzunauto.com\/es\/wp-json\/wp\/v2\/pages\/617\/revisions\/1659"}],"wp:attachment":[{"href":"https:\/\/www.lanzunauto.com\/es\/wp-json\/wp\/v2\/media?parent=617"}],"curies":[{"name":"wp","href":"https:\/\/api.w.org\/{rel}","templated":true}]}}